{"id":1366,"date":"2021-09-17T09:14:48","date_gmt":"2021-09-17T09:14:48","guid":{"rendered":"https:\/\/autismsociety.pe.ca\/adhesion\/"},"modified":"2021-09-17T09:14:48","modified_gmt":"2021-09-17T09:14:48","slug":"adhesion","status":"publish","type":"page","link":"https:\/\/autismsociety.pe.ca\/fr\/adhesion\/","title":{"rendered":"Adh\u00e9sion"},"content":{"rendered":"<section class=\"donate-section ptb-60 ptb-30\">\n<div class=\"auto-container\">\n<div class=\"about-block-two\">\n<h1>Inscrivez-vous maintenant<\/h1>\n<div class=\"row\">\n<div class=\"col-lg-7 col-md-12 form-container\">\n<h4>Les frais d\u2019adh\u00e9sion familiale sont de 50,00 $ par ann\u00e9e et comprennent tous les membres de la famille imm\u00e9diate.<\/h4>\n<div class=\"form-column\">\n<div class=\"default-form donate-form \"><!--form id=\"donate-form\" action=\"\" method=\"post\">\n<!--div class=\"payment-info pt-0\">\n\n\n<h3>Enter credit card information<\/h3>\n\n\n\n\n<div class=\"row clearfix\">\n\n\n<div class=\"form-group col-md-12 col-sm-12\">\n\n\n<div class=\"field-label\">Cardholder's name<\/div>\n\n\n<input class=\"name\" name=\"name\" required=\"\" type=\"text\" value=\"\" placeholder=\"\" \/>\n\n<\/div>\n\n\n\n\n<div class=\"form-group col-md-12 col-sm-12\">\n\n\n<div class=\"field-label\">Card number<\/div>\n\n\n<input class=\"cardnumber\" name=\"cardnumber\" required=\"\" type=\"number\" value=\"\" placeholder=\"\" \/>\n\n<\/div>\n\n\n\n\n<div class=\"form-group col-md-6 col-sm-12\">\n\n\n<div class=\"field-label\">Expiry Date (MM\/YY)<\/div>\n\n\n<input class=\"date\" name=\"date\" required=\"\" type=\"number\" value=\"\" placeholder=\"\" \/>\n\n<\/div>\n\n\n\n\n<div class=\"form-group col-md-6 col-sm-12\">\n\n\n<div class=\"field-label\">CVV<\/div>\n\n\n<input class=\"cvv\" name=\"cvv\" required=\"\" type=\"number\" value=\"\" placeholder=\"\" \/>\n\n<\/div>\n\n\n<\/div>\n\n\n<\/div-->\n<div class=\"about-list-goals mb-4\">\n<ul>\n<li>T\u00e9l\u00e9chargez notre <a href=\"https:\/\/autismsociety.pe.ca\/wp-content\/uploads\/2025\/02\/NEW-Family-Membership-Form-2025-2026.pdf\">formulaire d\u2019adh\u00e9sion (2025-2026)<\/a>. Remplissez le formulaire et envoyez-le ainsi que le paiement de 50 $ \u00e0: <a href=\"mailto:nathalie@autismsociety.pe.ca\">nathalie@autismsociety.pe.ca<\/a><\/li>\n<li>Paiement par ch\u00e8que \u00e0 l\u2019ordre de \u00ab Autism Society of PEI \u00bb<\/li>\n<li>Virement \u00e9lectronique Les virements \u00e9lectroniques peuvent \u00eatre envoy\u00e9s \u00e0 : <a href=\"mailto:nathalie@autismsociety.pe.ca\">nathalie@autismsociety.pe.ca<\/a> Mot-cl\u00e9 : Nouveau membre<\/li>\n<li>Paiement en esp\u00e8ces au bureau de l\u2019Autism Society (sur rendez-vous seulement)<\/li>\n<\/ul>\n<\/div>\n<div class=\"btn-box\">\n<div id=\"smart-button-container\">\n<div style=\"text-align: center;\">\n<div style=\"margin-bottom: 1.25rem;\"><!--\n<select id=\"item-options\"> \n<option value=\"New Member \">New Member - 50 CAD<\/option>\n<option value=\"Membership Renewal \">Membership Renewal - 50 CAD<\/option>\n <\/select>\n--><\/div>\n<p><!--\n\n\n<div id=\"paypal-button-container\"><\/div>\n\n\n--><\/p>\n<\/div>\n<\/div>\n<p><!-- a class=\"theme-btn btn-style-one btn formdonate\" style=\"background-color: #a7d068; color: #fff;\" href=\"https:\/\/www.paypal.com\/donate?hosted_button_id=H5Q89PNFKP432\" type=\"submit\"><span class=\"btn-title\">Pay with Paypal<\/span><\/a --><\/p>\n<\/div>\n<\/div>\n<\/div>\n<\/div>\n<div class=\"col-lg-5\">\n<div class=\"form-shared-content\">\n<div class=\"form-img\"><img alt=\"\"><\/div>\n<div class=\"second-part-register\">\n<div class=\"text\">\n<p>&nbsp;<\/p>\n<\/div>\n<p><!--form>\n\n\n<div class=\"custom-control custom-checkbox\"><input id=\"customCheck\" class=\"custom-control-input\" name=\"example1\" type=\"checkbox\" \/><label class=\"custom-control-label\" for=\"customCheck\">I allow permission for photo consent <\/label><\/div>\n\n\n\n\n<div class=\"custom-control custom-checkbox mb-3\"><input id=\"customCheck2\" class=\"custom-control-input\" name=\"example2\" type=\"checkbox\" \/><label class=\"custom-control-label\" for=\"customCheck2\">I do not allow permission for photo consent<\/label><\/div>\n\n\n<\/form--> <!--div class=\"btn-box mt-2\"><a class=\"theme-btn btn-style-one btn\" style=\"background-color: #a7d068; color: #fff;\" href=\"#\" type=\"submit\"><span class=\"btn-title \">Become a member<\/span><\/a><\/div-->\n<\/div>\n<p><!--\n\n\n<div class=\"form-content\">\n\n\n<h3 class=\"form__title\">Mission & Goals<\/h3>\n\n\n\n\n<div class=\"about-list-goals\">\n\n\n<ul>\n \t\n\n<li>To provide information and support to family members, professionals, and individuals affected by Autism.<\/li>\n\n\n \t\n\n<li>To encourage, support, promote and advocate for quality education, treatment, services and equipment for persons,&nbsp;and&nbsp;&nbsp;their&nbsp;families,&nbsp;affected by Autism.<\/li>\n\n\n \t\n\n<li>To raise public awareness about Autism Spectrum Disorders.<\/li>\n\n\n \t\n\n<li>To promote and support research into the cause and treatment of Autism.<\/li>\n\n\n \t\n\n<li>To raise funds to finance the Society\u2019s objectives.<\/li>\n\n\n<\/ul>\n\n\n<\/div>\n\n\n\n\n<div class=\"text\">\nThe Autism Society of Prince Edward Island is a registered non-profit charitable organization: #139019301 RR0001\n\nThe Autism Society of Prince Edward Island is a member of Autism Canada <a href=\"https:\/\/autismcanada.org\/\">https:\/\/autismcanada.org\/<\/a>\n\nThe Autism Society of Prince Edward Island consists of a volunteer lead Board of Directors including individuals that fill the role of President, Vice President, Treasurer, Secretary and Directors at Large.\n\n\n<p style=\"color:#212529\"><strong>Membership Information:\n<\/strong><a href=\"images\/Pdf\/Family Membership Form.pdf\" target=\"_blank\" rel=\"noopener\">Family Membership Form 2020-2021<\/a>\n\n\n\n<p style=\"color:#212529\"><strong>Family Membership<\/strong><\/p>\n\n\nYearly family membership fees are $50.00 per family. A family membership in the Autism Society of PEI will provide:<\/div>\n\n\n\n\n<div class=\"about-list-goals\">\n\n\n<ul>\n \t\n\n<li>Assurance that your voice will be heard on Autism issues in this province&nbsp;<\/li>\n\n\n \t\n\n<li>Notice of meetings of the Autism Society<\/li>\n\n\n \t\n\n<li>Discounted registration fees for Autism Society training workshops and events<\/li>\n\n\n \t\n\n<li>Access to the Autism Society Resource library which includes sensory toys, games, dvds, flashcard\u2019s, books, resources and more<\/li>\n\n\n \t\n\n<li>Access to Family Subsidy funding- The Society has a yearly budget for family subsidy where our members can apply for some financial support to attend training sessions or workshops:&nbsp;<span style=\"font-size: xx-small;\"><a href=\"http:\/\/autismsociety.pe.ca\/wp-content\/uploads\/2012\/08\/Autism-Society-Family-Subsidy-Application-Updated-2014-PDF.pdf\">Autism Society Family Subsidy Application Updated 2014 PDF<\/a><\/span><\/li>\n\n\n<\/ul>\n\n\n<\/div>\n\n\n<\/div>\n\n\n--><\/p>\n<\/div>\n<\/div>\n<\/div>\n<p><!--\n\n\n<div class=\"member-form-lower-content\">\n\n\n<div class=\"about-list-goals\">\n\n\n<ul>\n \t\n\n<li>Free swims (weekly in Charlottetown, monthly in Summerside) and recreational events including but not limited to yearly SandSpit Days, two family movie days, Sleigh rides, Skates, Swims and more<\/li>\n\n\n \t\n\n<li>Access to Autism Society partner resources such as application for used laptops through Computers for Communities, Access to summer camps when offered ( Sylvan Learning) or partnership subsidised programs with ongoing community partners<\/li>\n\n\n \t\n\n<li>Access to ticket giveaways throughout the year for either Autism Society events or community events in which tickets are donated to the Society.<\/li>\n\n\n \t\n\n<li>One Vote at the Annual General Meeting<\/li>\n\n\n \t\n\n<li>Access to Autism Society Email Newsletters<\/li>\n\n\n<\/ul>\n\n\n<\/div>\n\n\n\n\n<div class=\"text\">\nIndividual Professional and Centre Memberships are also available for $50.00 and $70.00. Please contact the Society for full details.\n\n<strong>Autism Society Family Events<\/strong>\n\nThe Autism Society plays host to numerous regular family events for our members. We host weekly and monthly family swims at the Cari Complex and the Credit Union place. We all host a large number of family fun activities in locations across the Island including our Annual SandSpit Day, Winter Sleigh ride. movie days and much more. To find out all about our great events which include movie days, swimming, bowling and lots of special events please contact the Autism Society and join our email mailout listing. You will receive greats updates from the Autism Society on all of our events, workshops, and services.\n\nFor more information or questions in regards to the Autism Society of PEI, please contact our office by\n\n<strong>calling :<\/strong> 902-566-4844\n\n<strong>or by email:\n<\/strong>Nathalie Walsh-Annand, Executive Director&nbsp;<a href=\"mailto:Nathalie@autismsociety.pe.ca\">Nathalie@autismsociety.pe.ca <\/a>\nNick Diamond, Community Relations and Family Programming Coordinator&nbsp;&nbsp;<a href=\"mailto:nick@autismsociety.pe.ca\">Nick@AutismSociety.pe.ca <\/a>\n\nOur office is located  at 161 St. Peters Road on the main floor of the Sherwood Business Centre in Charlottetown, PEI<\/div>\n\n\n<\/div>\n\n\n--><\/p>\n<\/div>\n<\/div>\n<\/section>\n","protected":false},"excerpt":{"rendered":"<p>Inscrivez-vous maintenant Les frais d\u2019adh\u00e9sion familiale sont de 50,00 $ par ann\u00e9e et comprennent tous les membres de la famille imm\u00e9diate. T\u00e9l\u00e9chargez notre formulaire d\u2019adh\u00e9sion (2025-2026). Remplissez le formulaire et envoyez-le ainsi que le paiement de 50 $ \u00e0: nathalie@autismsociety.pe.ca Paiement par ch\u00e8que \u00e0 l\u2019ordre de \u00ab Autism Society of PEI \u00bb Virement \u00e9lectronique Les&hellip; <a class=\"more-link\" href=\"https:\/\/autismsociety.pe.ca\/fr\/adhesion\/\">Poursuivre la lecture <span class=\"screen-reader-text\">Adh\u00e9sion<\/span><\/a><\/p>\n","protected":false},"author":2,"featured_media":0,"parent":0,"menu_order":0,"comment_status":"closed","ping_status":"closed","template":"","meta":{"give_campaign_id":0,"_monsterinsights_skip_tracking":false,"_monsterinsights_sitenote_active":false,"_monsterinsights_sitenote_note":"","_monsterinsights_sitenote_category":0,"footnotes":""},"class_list":["post-1366","page","type-page","status-publish","hentry","entry"],"yoast_head":"<!-- This site is optimized with the Yoast SEO plugin v27.5 - https:\/\/yoast.com\/product\/yoast-seo-wordpress\/ -->\n<title>Adh\u00e9sion - Autism Society<\/title>\n<meta name=\"robots\" content=\"index, follow, max-snippet:-1, max-image-preview:large, max-video-preview:-1\" \/>\n<link rel=\"canonical\" href=\"https:\/\/autismsociety.pe.ca\/fr\/adhesion\/\" \/>\n<meta property=\"og:locale\" content=\"fr_FR\" \/>\n<meta property=\"og:type\" content=\"article\" \/>\n<meta property=\"og:title\" content=\"Adh\u00e9sion - Autism Society\" \/>\n<meta property=\"og:description\" content=\"Inscrivez-vous maintenant Les frais d\u2019adh\u00e9sion familiale sont de 50,00 $ par ann\u00e9e et comprennent tous les membres de la famille imm\u00e9diate. T\u00e9l\u00e9chargez notre formulaire d\u2019adh\u00e9sion (2025-2026). Remplissez le formulaire et envoyez-le ainsi que le paiement de 50 $ \u00e0: nathalie@autismsociety.pe.ca Paiement par ch\u00e8que \u00e0 l\u2019ordre de \u00ab Autism Society of PEI \u00bb Virement \u00e9lectronique Les&hellip; Poursuivre la lecture Adh\u00e9sion\" \/>\n<meta property=\"og:url\" content=\"https:\/\/autismsociety.pe.ca\/fr\/adhesion\/\" \/>\n<meta property=\"og:site_name\" content=\"Autism Society\" \/>\n<meta name=\"twitter:card\" content=\"summary_large_image\" \/>\n<script type=\"application\/ld+json\" class=\"yoast-schema-graph\">{\"@context\":\"https:\\\/\\\/schema.org\",\"@graph\":[{\"@type\":\"WebPage\",\"@id\":\"https:\\\/\\\/autismsociety.pe.ca\\\/fr\\\/adhesion\\\/\",\"url\":\"https:\\\/\\\/autismsociety.pe.ca\\\/fr\\\/adhesion\\\/\",\"name\":\"Adh\u00e9sion - Autism Society\",\"isPartOf\":{\"@id\":\"https:\\\/\\\/autismsociety.pe.ca\\\/fr\\\/#website\"},\"datePublished\":\"2021-09-17T09:14:48+00:00\",\"breadcrumb\":{\"@id\":\"https:\\\/\\\/autismsociety.pe.ca\\\/fr\\\/adhesion\\\/#breadcrumb\"},\"inLanguage\":\"fr-FR\",\"potentialAction\":[{\"@type\":\"ReadAction\",\"target\":[\"https:\\\/\\\/autismsociety.pe.ca\\\/fr\\\/adhesion\\\/\"]}]},{\"@type\":\"BreadcrumbList\",\"@id\":\"https:\\\/\\\/autismsociety.pe.ca\\\/fr\\\/adhesion\\\/#breadcrumb\",\"itemListElement\":[{\"@type\":\"ListItem\",\"position\":1,\"name\":\"Home\",\"item\":\"https:\\\/\\\/autismsociety.pe.ca\\\/fr\\\/\"},{\"@type\":\"ListItem\",\"position\":2,\"name\":\"Adh\u00e9sion\"}]},{\"@type\":\"WebSite\",\"@id\":\"https:\\\/\\\/autismsociety.pe.ca\\\/fr\\\/#website\",\"url\":\"https:\\\/\\\/autismsociety.pe.ca\\\/fr\\\/\",\"name\":\"Autism Society\",\"description\":\"Welcome to the Autism Society of PEI\",\"publisher\":{\"@id\":\"https:\\\/\\\/autismsociety.pe.ca\\\/fr\\\/#organization\"},\"potentialAction\":[{\"@type\":\"SearchAction\",\"target\":{\"@type\":\"EntryPoint\",\"urlTemplate\":\"https:\\\/\\\/autismsociety.pe.ca\\\/fr\\\/?s={search_term_string}\"},\"query-input\":{\"@type\":\"PropertyValueSpecification\",\"valueRequired\":true,\"valueName\":\"search_term_string\"}}],\"inLanguage\":\"fr-FR\"},{\"@type\":\"Organization\",\"@id\":\"https:\\\/\\\/autismsociety.pe.ca\\\/fr\\\/#organization\",\"name\":\"Autism Society\",\"url\":\"https:\\\/\\\/autismsociety.pe.ca\\\/fr\\\/\",\"logo\":{\"@type\":\"ImageObject\",\"inLanguage\":\"fr-FR\",\"@id\":\"https:\\\/\\\/autismsociety.pe.ca\\\/fr\\\/#\\\/schema\\\/logo\\\/image\\\/\",\"url\":\"https:\\\/\\\/autismsociety.pe.ca\\\/wp-content\\\/uploads\\\/2021\\\/09\\\/cropped-index-1.png\",\"contentUrl\":\"https:\\\/\\\/autismsociety.pe.ca\\\/wp-content\\\/uploads\\\/2021\\\/09\\\/cropped-index-1.png\",\"width\":512,\"height\":512,\"caption\":\"Autism Society\"},\"image\":{\"@id\":\"https:\\\/\\\/autismsociety.pe.ca\\\/fr\\\/#\\\/schema\\\/logo\\\/image\\\/\"}}]}<\/script>\n<!-- \/ Yoast SEO plugin. -->","yoast_head_json":{"title":"Adh\u00e9sion - Autism Society","robots":{"index":"index","follow":"follow","max-snippet":"max-snippet:-1","max-image-preview":"max-image-preview:large","max-video-preview":"max-video-preview:-1"},"canonical":"https:\/\/autismsociety.pe.ca\/fr\/adhesion\/","og_locale":"fr_FR","og_type":"article","og_title":"Adh\u00e9sion - Autism Society","og_description":"Inscrivez-vous maintenant Les frais d\u2019adh\u00e9sion familiale sont de 50,00 $ par ann\u00e9e et comprennent tous les membres de la famille imm\u00e9diate. T\u00e9l\u00e9chargez notre formulaire d\u2019adh\u00e9sion (2025-2026). Remplissez le formulaire et envoyez-le ainsi que le paiement de 50 $ \u00e0: nathalie@autismsociety.pe.ca Paiement par ch\u00e8que \u00e0 l\u2019ordre de \u00ab Autism Society of PEI \u00bb Virement \u00e9lectronique Les&hellip; Poursuivre la lecture Adh\u00e9sion","og_url":"https:\/\/autismsociety.pe.ca\/fr\/adhesion\/","og_site_name":"Autism Society","twitter_card":"summary_large_image","schema":{"@context":"https:\/\/schema.org","@graph":[{"@type":"WebPage","@id":"https:\/\/autismsociety.pe.ca\/fr\/adhesion\/","url":"https:\/\/autismsociety.pe.ca\/fr\/adhesion\/","name":"Adh\u00e9sion - Autism Society","isPartOf":{"@id":"https:\/\/autismsociety.pe.ca\/fr\/#website"},"datePublished":"2021-09-17T09:14:48+00:00","breadcrumb":{"@id":"https:\/\/autismsociety.pe.ca\/fr\/adhesion\/#breadcrumb"},"inLanguage":"fr-FR","potentialAction":[{"@type":"ReadAction","target":["https:\/\/autismsociety.pe.ca\/fr\/adhesion\/"]}]},{"@type":"BreadcrumbList","@id":"https:\/\/autismsociety.pe.ca\/fr\/adhesion\/#breadcrumb","itemListElement":[{"@type":"ListItem","position":1,"name":"Home","item":"https:\/\/autismsociety.pe.ca\/fr\/"},{"@type":"ListItem","position":2,"name":"Adh\u00e9sion"}]},{"@type":"WebSite","@id":"https:\/\/autismsociety.pe.ca\/fr\/#website","url":"https:\/\/autismsociety.pe.ca\/fr\/","name":"Autism Society","description":"Welcome to the Autism Society of PEI","publisher":{"@id":"https:\/\/autismsociety.pe.ca\/fr\/#organization"},"potentialAction":[{"@type":"SearchAction","target":{"@type":"EntryPoint","urlTemplate":"https:\/\/autismsociety.pe.ca\/fr\/?s={search_term_string}"},"query-input":{"@type":"PropertyValueSpecification","valueRequired":true,"valueName":"search_term_string"}}],"inLanguage":"fr-FR"},{"@type":"Organization","@id":"https:\/\/autismsociety.pe.ca\/fr\/#organization","name":"Autism Society","url":"https:\/\/autismsociety.pe.ca\/fr\/","logo":{"@type":"ImageObject","inLanguage":"fr-FR","@id":"https:\/\/autismsociety.pe.ca\/fr\/#\/schema\/logo\/image\/","url":"https:\/\/autismsociety.pe.ca\/wp-content\/uploads\/2021\/09\/cropped-index-1.png","contentUrl":"https:\/\/autismsociety.pe.ca\/wp-content\/uploads\/2021\/09\/cropped-index-1.png","width":512,"height":512,"caption":"Autism Society"},"image":{"@id":"https:\/\/autismsociety.pe.ca\/fr\/#\/schema\/logo\/image\/"}}]}},"campaignId":"","_links":{"self":[{"href":"https:\/\/autismsociety.pe.ca\/fr\/wp-json\/wp\/v2\/pages\/1366","targetHints":{"allow":["GET"]}}],"collection":[{"href":"https:\/\/autismsociety.pe.ca\/fr\/wp-json\/wp\/v2\/pages"}],"about":[{"href":"https:\/\/autismsociety.pe.ca\/fr\/wp-json\/wp\/v2\/types\/page"}],"author":[{"embeddable":true,"href":"https:\/\/autismsociety.pe.ca\/fr\/wp-json\/wp\/v2\/users\/2"}],"replies":[{"embeddable":true,"href":"https:\/\/autismsociety.pe.ca\/fr\/wp-json\/wp\/v2\/comments?post=1366"}],"version-history":[{"count":0,"href":"https:\/\/autismsociety.pe.ca\/fr\/wp-json\/wp\/v2\/pages\/1366\/revisions"}],"wp:attachment":[{"href":"https:\/\/autismsociety.pe.ca\/fr\/wp-json\/wp\/v2\/media?parent=1366"}],"curies":[{"name":"wp","href":"https:\/\/api.w.org\/{rel}","templated":true}]}}