{"id":1359,"date":"2021-05-18T06:16:44","date_gmt":"2021-05-18T06:16:44","guid":{"rendered":"https:\/\/autismsociety.pe.ca\/faites-un-don-securise-a-la-societe-de-lautisme-de-lile-du-prince-edouard-avec-canada-helps\/"},"modified":"2025-12-08T22:13:52","modified_gmt":"2025-12-08T22:13:52","slug":"faites-un-don-securise-a-la-societe-de-lautisme-de-lile-du-prince-edouard-avec-canada-helps","status":"publish","type":"page","link":"https:\/\/autismsociety.pe.ca\/fr\/faites-un-don-securise-a-la-societe-de-lautisme-de-lile-du-prince-edouard-avec-canada-helps\/","title":{"rendered":"Faites un don s\u00e9curis\u00e9 \u00e0 la Soci\u00e9t\u00e9 de l&rsquo;autisme de l&rsquo;\u00cele-du-Prince-\u00c9douard avec Canada Helps"},"content":{"rendered":"<div class=\"auto-container\">\n<div class=\"row\">\n<div class=\"form-column col-lg-7 col-md-12 form-container\">\n<div class=\"default-form donate-form \"><script id=\"ch_cdn_embed\" type=\"text\/javascript\" src=\"https:\/\/www.canadahelps.org\/secure\/js\/cdf_embed.js\" charset=\"utf-8\" data-language=\"en\" data-page-id=\"3736\" data-root-url=\"https:\/\/www.canadahelps.org\" data-formtype=\"0\" data-cfasync=\"false\"><\/script><\/div>\n<p><!--\n\n\n\n<form class=\"form-horizontal mt-3\">\n\n\n<div class=\"form-group\">\n                                    <label>Name of child on the spectrum:<\/label>\n<input type=\"text\" class=\"form-control\" placeholder=\"Name of child on the spectrum\"><\/div>\n\n\n\n\n<div class=\"form-group\">\n                            <label>Name of siblings<\/label>\n<input type=\"text\" class=\"form-control\" placeholder=\"Name of siblings\"><\/div>\n\n\n<\/form>\n\n --><\/p>\n<\/div>\n<div class=\"col-lg-5\">\n<div class=\"row\">\n<div class=\"col-lg-12\">\n<div class=\"service-wrap mb-45\">\n<div class=\"icon-part\"><img decoding=\"async\" src=\"images\/file.svg\" alt=\"\" \/><\/div>\n<div class=\"content-part\">\n<h5 class=\"title\"><a href=\"#\">Faites un don comm\u00e9moratif<\/a><\/h5>\n<p class=\"desc\">Vous souhaitez honorer la m\u00e9moire d&rsquo;une personne ch\u00e8re ? Faites un don comm\u00e9moratif \u00e0 la Soci\u00e9t\u00e9 de l&rsquo;autisme de l&rsquo;\u00cele-du-Prince-\u00c9douard. Votre don comm\u00e9moratif inclura le nom de la personne d\u00e9c\u00e9d\u00e9e ainsi qu&rsquo;un message (facultatif).<\/p>\n<p><a class=\"read-more\" href=\"#\">En savoir plus <i class=\"icofont-double-right\"><\/i><\/a><\/p>\n<\/div>\n<\/div>\n<\/div>\n<p>&nbsp;<\/p>\n<\/div>\n<\/div>\n<\/div>\n<\/div>\n","protected":false},"excerpt":{"rendered":"<p>Faites un don comm\u00e9moratif Vous souhaitez honorer la m\u00e9moire d&rsquo;une personne ch\u00e8re ? Faites un don comm\u00e9moratif \u00e0 la Soci\u00e9t\u00e9 de l&rsquo;autisme de l&rsquo;\u00cele-du-Prince-\u00c9douard. Votre don comm\u00e9moratif inclura le nom de la personne d\u00e9c\u00e9d\u00e9e ainsi qu&rsquo;un message (facultatif). En savoir plus &nbsp;<\/p>\n","protected":false},"author":1,"featured_media":0,"parent":0,"menu_order":0,"comment_status":"closed","ping_status":"closed","template":"","meta":{"give_campaign_id":0,"_monsterinsights_skip_tracking":false,"_monsterinsights_sitenote_active":false,"_monsterinsights_sitenote_note":"","_monsterinsights_sitenote_category":0,"footnotes":""},"class_list":["post-1359","page","type-page","status-publish","hentry","entry"],"yoast_head":"<!-- This site is optimized with the Yoast SEO plugin v27.5 - https:\/\/yoast.com\/product\/yoast-seo-wordpress\/ -->\n<title>Faites un don s\u00e9curis\u00e9 \u00e0 la Soci\u00e9t\u00e9 de l&#039;autisme de l&#039;\u00cele-du-Prince-\u00c9douard avec Canada Helps - Autism Society<\/title>\n<meta name=\"robots\" content=\"index, follow, max-snippet:-1, max-image-preview:large, max-video-preview:-1\" \/>\n<link rel=\"canonical\" href=\"https:\/\/autismsociety.pe.ca\/fr\/faites-un-don-securise-a-la-societe-de-lautisme-de-lile-du-prince-edouard-avec-canada-helps\/\" \/>\n<meta property=\"og:locale\" content=\"fr_FR\" \/>\n<meta property=\"og:type\" content=\"article\" \/>\n<meta property=\"og:title\" content=\"Faites un don s\u00e9curis\u00e9 \u00e0 la Soci\u00e9t\u00e9 de l&#039;autisme de l&#039;\u00cele-du-Prince-\u00c9douard avec Canada Helps - Autism Society\" \/>\n<meta property=\"og:description\" content=\"Faites un don comm\u00e9moratif Vous souhaitez honorer la m\u00e9moire d&rsquo;une personne ch\u00e8re ? Faites un don comm\u00e9moratif \u00e0 la Soci\u00e9t\u00e9 de l&rsquo;autisme de l&rsquo;\u00cele-du-Prince-\u00c9douard. Votre don comm\u00e9moratif inclura le nom de la personne d\u00e9c\u00e9d\u00e9e ainsi qu&rsquo;un message (facultatif). En savoir plus &nbsp;\" \/>\n<meta property=\"og:url\" content=\"https:\/\/autismsociety.pe.ca\/fr\/faites-un-don-securise-a-la-societe-de-lautisme-de-lile-du-prince-edouard-avec-canada-helps\/\" \/>\n<meta property=\"og:site_name\" content=\"Autism Society\" \/>\n<meta property=\"article:modified_time\" content=\"2025-12-08T22:13:52+00:00\" \/>\n<meta name=\"twitter:card\" content=\"summary_large_image\" \/>\n<meta name=\"twitter:label1\" content=\"Dur\u00e9e de lecture estim\u00e9e\" \/>\n\t<meta name=\"twitter:data1\" content=\"1 minute\" \/>\n<script type=\"application\/ld+json\" class=\"yoast-schema-graph\">{\"@context\":\"https:\\\/\\\/schema.org\",\"@graph\":[{\"@type\":\"WebPage\",\"@id\":\"https:\\\/\\\/autismsociety.pe.ca\\\/fr\\\/faites-un-don-securise-a-la-societe-de-lautisme-de-lile-du-prince-edouard-avec-canada-helps\\\/\",\"url\":\"https:\\\/\\\/autismsociety.pe.ca\\\/fr\\\/faites-un-don-securise-a-la-societe-de-lautisme-de-lile-du-prince-edouard-avec-canada-helps\\\/\",\"name\":\"Faites un don s\u00e9curis\u00e9 \u00e0 la Soci\u00e9t\u00e9 de l'autisme de l'\u00cele-du-Prince-\u00c9douard avec Canada Helps - Autism Society\",\"isPartOf\":{\"@id\":\"https:\\\/\\\/autismsociety.pe.ca\\\/fr\\\/#website\"},\"datePublished\":\"2021-05-18T06:16:44+00:00\",\"dateModified\":\"2025-12-08T22:13:52+00:00\",\"breadcrumb\":{\"@id\":\"https:\\\/\\\/autismsociety.pe.ca\\\/fr\\\/faites-un-don-securise-a-la-societe-de-lautisme-de-lile-du-prince-edouard-avec-canada-helps\\\/#breadcrumb\"},\"inLanguage\":\"fr-FR\",\"potentialAction\":[{\"@type\":\"ReadAction\",\"target\":[\"https:\\\/\\\/autismsociety.pe.ca\\\/fr\\\/faites-un-don-securise-a-la-societe-de-lautisme-de-lile-du-prince-edouard-avec-canada-helps\\\/\"]}]},{\"@type\":\"BreadcrumbList\",\"@id\":\"https:\\\/\\\/autismsociety.pe.ca\\\/fr\\\/faites-un-don-securise-a-la-societe-de-lautisme-de-lile-du-prince-edouard-avec-canada-helps\\\/#breadcrumb\",\"itemListElement\":[{\"@type\":\"ListItem\",\"position\":1,\"name\":\"Home\",\"item\":\"https:\\\/\\\/autismsociety.pe.ca\\\/fr\\\/\"},{\"@type\":\"ListItem\",\"position\":2,\"name\":\"Faites un don s\u00e9curis\u00e9 \u00e0 la Soci\u00e9t\u00e9 de l&#8217;autisme de l&#8217;\u00cele-du-Prince-\u00c9douard avec Canada Helps\"}]},{\"@type\":\"WebSite\",\"@id\":\"https:\\\/\\\/autismsociety.pe.ca\\\/fr\\\/#website\",\"url\":\"https:\\\/\\\/autismsociety.pe.ca\\\/fr\\\/\",\"name\":\"Autism Society\",\"description\":\"Welcome to the Autism Society of PEI\",\"publisher\":{\"@id\":\"https:\\\/\\\/autismsociety.pe.ca\\\/fr\\\/#organization\"},\"potentialAction\":[{\"@type\":\"SearchAction\",\"target\":{\"@type\":\"EntryPoint\",\"urlTemplate\":\"https:\\\/\\\/autismsociety.pe.ca\\\/fr\\\/?s={search_term_string}\"},\"query-input\":{\"@type\":\"PropertyValueSpecification\",\"valueRequired\":true,\"valueName\":\"search_term_string\"}}],\"inLanguage\":\"fr-FR\"},{\"@type\":\"Organization\",\"@id\":\"https:\\\/\\\/autismsociety.pe.ca\\\/fr\\\/#organization\",\"name\":\"Autism Society\",\"url\":\"https:\\\/\\\/autismsociety.pe.ca\\\/fr\\\/\",\"logo\":{\"@type\":\"ImageObject\",\"inLanguage\":\"fr-FR\",\"@id\":\"https:\\\/\\\/autismsociety.pe.ca\\\/fr\\\/#\\\/schema\\\/logo\\\/image\\\/\",\"url\":\"https:\\\/\\\/autismsociety.pe.ca\\\/wp-content\\\/uploads\\\/2021\\\/09\\\/cropped-index-1.png\",\"contentUrl\":\"https:\\\/\\\/autismsociety.pe.ca\\\/wp-content\\\/uploads\\\/2021\\\/09\\\/cropped-index-1.png\",\"width\":512,\"height\":512,\"caption\":\"Autism Society\"},\"image\":{\"@id\":\"https:\\\/\\\/autismsociety.pe.ca\\\/fr\\\/#\\\/schema\\\/logo\\\/image\\\/\"}}]}<\/script>\n<!-- \/ Yoast SEO plugin. -->","yoast_head_json":{"title":"Faites un don s\u00e9curis\u00e9 \u00e0 la Soci\u00e9t\u00e9 de l'autisme de l'\u00cele-du-Prince-\u00c9douard avec Canada Helps - Autism Society","robots":{"index":"index","follow":"follow","max-snippet":"max-snippet:-1","max-image-preview":"max-image-preview:large","max-video-preview":"max-video-preview:-1"},"canonical":"https:\/\/autismsociety.pe.ca\/fr\/faites-un-don-securise-a-la-societe-de-lautisme-de-lile-du-prince-edouard-avec-canada-helps\/","og_locale":"fr_FR","og_type":"article","og_title":"Faites un don s\u00e9curis\u00e9 \u00e0 la Soci\u00e9t\u00e9 de l'autisme de l'\u00cele-du-Prince-\u00c9douard avec Canada Helps - Autism Society","og_description":"Faites un don comm\u00e9moratif Vous souhaitez honorer la m\u00e9moire d&rsquo;une personne ch\u00e8re ? Faites un don comm\u00e9moratif \u00e0 la Soci\u00e9t\u00e9 de l&rsquo;autisme de l&rsquo;\u00cele-du-Prince-\u00c9douard. Votre don comm\u00e9moratif inclura le nom de la personne d\u00e9c\u00e9d\u00e9e ainsi qu&rsquo;un message (facultatif). En savoir plus &nbsp;","og_url":"https:\/\/autismsociety.pe.ca\/fr\/faites-un-don-securise-a-la-societe-de-lautisme-de-lile-du-prince-edouard-avec-canada-helps\/","og_site_name":"Autism Society","article_modified_time":"2025-12-08T22:13:52+00:00","twitter_card":"summary_large_image","twitter_misc":{"Dur\u00e9e de lecture estim\u00e9e":"1 minute"},"schema":{"@context":"https:\/\/schema.org","@graph":[{"@type":"WebPage","@id":"https:\/\/autismsociety.pe.ca\/fr\/faites-un-don-securise-a-la-societe-de-lautisme-de-lile-du-prince-edouard-avec-canada-helps\/","url":"https:\/\/autismsociety.pe.ca\/fr\/faites-un-don-securise-a-la-societe-de-lautisme-de-lile-du-prince-edouard-avec-canada-helps\/","name":"Faites un don s\u00e9curis\u00e9 \u00e0 la Soci\u00e9t\u00e9 de l'autisme de l'\u00cele-du-Prince-\u00c9douard avec Canada Helps - Autism Society","isPartOf":{"@id":"https:\/\/autismsociety.pe.ca\/fr\/#website"},"datePublished":"2021-05-18T06:16:44+00:00","dateModified":"2025-12-08T22:13:52+00:00","breadcrumb":{"@id":"https:\/\/autismsociety.pe.ca\/fr\/faites-un-don-securise-a-la-societe-de-lautisme-de-lile-du-prince-edouard-avec-canada-helps\/#breadcrumb"},"inLanguage":"fr-FR","potentialAction":[{"@type":"ReadAction","target":["https:\/\/autismsociety.pe.ca\/fr\/faites-un-don-securise-a-la-societe-de-lautisme-de-lile-du-prince-edouard-avec-canada-helps\/"]}]},{"@type":"BreadcrumbList","@id":"https:\/\/autismsociety.pe.ca\/fr\/faites-un-don-securise-a-la-societe-de-lautisme-de-lile-du-prince-edouard-avec-canada-helps\/#breadcrumb","itemListElement":[{"@type":"ListItem","position":1,"name":"Home","item":"https:\/\/autismsociety.pe.ca\/fr\/"},{"@type":"ListItem","position":2,"name":"Faites un don s\u00e9curis\u00e9 \u00e0 la Soci\u00e9t\u00e9 de l&#8217;autisme de l&#8217;\u00cele-du-Prince-\u00c9douard avec Canada Helps"}]},{"@type":"WebSite","@id":"https:\/\/autismsociety.pe.ca\/fr\/#website","url":"https:\/\/autismsociety.pe.ca\/fr\/","name":"Autism Society","description":"Welcome to the Autism Society of PEI","publisher":{"@id":"https:\/\/autismsociety.pe.ca\/fr\/#organization"},"potentialAction":[{"@type":"SearchAction","target":{"@type":"EntryPoint","urlTemplate":"https:\/\/autismsociety.pe.ca\/fr\/?s={search_term_string}"},"query-input":{"@type":"PropertyValueSpecification","valueRequired":true,"valueName":"search_term_string"}}],"inLanguage":"fr-FR"},{"@type":"Organization","@id":"https:\/\/autismsociety.pe.ca\/fr\/#organization","name":"Autism Society","url":"https:\/\/autismsociety.pe.ca\/fr\/","logo":{"@type":"ImageObject","inLanguage":"fr-FR","@id":"https:\/\/autismsociety.pe.ca\/fr\/#\/schema\/logo\/image\/","url":"https:\/\/autismsociety.pe.ca\/wp-content\/uploads\/2021\/09\/cropped-index-1.png","contentUrl":"https:\/\/autismsociety.pe.ca\/wp-content\/uploads\/2021\/09\/cropped-index-1.png","width":512,"height":512,"caption":"Autism Society"},"image":{"@id":"https:\/\/autismsociety.pe.ca\/fr\/#\/schema\/logo\/image\/"}}]}},"campaignId":"","_links":{"self":[{"href":"https:\/\/autismsociety.pe.ca\/fr\/wp-json\/wp\/v2\/pages\/1359","targetHints":{"allow":["GET"]}}],"collection":[{"href":"https:\/\/autismsociety.pe.ca\/fr\/wp-json\/wp\/v2\/pages"}],"about":[{"href":"https:\/\/autismsociety.pe.ca\/fr\/wp-json\/wp\/v2\/types\/page"}],"author":[{"embeddable":true,"href":"https:\/\/autismsociety.pe.ca\/fr\/wp-json\/wp\/v2\/users\/1"}],"replies":[{"embeddable":true,"href":"https:\/\/autismsociety.pe.ca\/fr\/wp-json\/wp\/v2\/comments?post=1359"}],"version-history":[{"count":1,"href":"https:\/\/autismsociety.pe.ca\/fr\/wp-json\/wp\/v2\/pages\/1359\/revisions"}],"predecessor-version":[{"id":1362,"href":"https:\/\/autismsociety.pe.ca\/fr\/wp-json\/wp\/v2\/pages\/1359\/revisions\/1362"}],"wp:attachment":[{"href":"https:\/\/autismsociety.pe.ca\/fr\/wp-json\/wp\/v2\/media?parent=1359"}],"curies":[{"name":"wp","href":"https:\/\/api.w.org\/{rel}","templated":true}]}}