{"id":1111,"date":"2021-05-13T12:53:55","date_gmt":"2021-05-13T12:53:55","guid":{"rendered":"https:\/\/autismsociety.pe.ca\/nouveau-diagnostic\/"},"modified":"2025-11-21T17:55:41","modified_gmt":"2025-11-21T17:55:41","slug":"nouveau-diagnostic","status":"publish","type":"page","link":"https:\/\/autismsociety.pe.ca\/fr\/nouveau-diagnostic\/","title":{"rendered":"Nouveau diagnostic"},"content":{"rendered":"<section class=\"about-us-two ptb-60 ptb-30\">\n<div class=\"auto-container\">\n<div class=\"about-block-two\">\n<div class=\"inner-box\">\n<h1><span class=\"tt\">Trousses de diagnostic <\/span>pour les familles<\/h1>\n<div class=\"row\">\n<div class=\"col-lg-8\">\n<div class=\"text\">\n<p>La Soci\u00e9t\u00e9 de l&rsquo;autisme de l&rsquo;\u00ce.-P.-\u00c9. a cr\u00e9\u00e9 des trousses de diagnostic pour aider les familles \u00e0 mieux comprendre les services et les mesures de soutien offerts \u00e0 l&rsquo;\u00e9chelle provinciale et nationale. Les trousses sont con\u00e7ues pour guider les familles \u00e0 chaque \u00e9tape du parcours apr\u00e8s avoir re\u00e7u un diagnostic de trouble du spectre de l&rsquo;autisme.<\/p>\n<p>Elles peuvent porter sur plusieurs th\u00e8mes : que faire apr\u00e8s le diagnostic, programme pr\u00e9scolaire, mat\u00e9riel pour enfants d&rsquo;\u00e2ge scolaire, programme d&rsquo;accessibilit\u00e9, ressources du gouvernement provincial, ressources du gouvernement f\u00e9d\u00e9ral, etc.<\/p>\n<p>Veuillez contacter le personnel de l&rsquo;organisme au 902-566-4844 ou par courriel \u00e0 <a href=\"mailto:Nathalie@autismsociety.pe.ca\">Nathalie@autismsociety.pe.ca<\/a> pour organiser une rencontre afin de recevoir une trousse de diagnostic. La Soci\u00e9t\u00e9 de l&rsquo;autisme de l&rsquo;\u00ce.-P.-\u00c9. est l\u00e0 pour aider les nouvelles familles \u00e0 s&rsquo;orienter dans les syst\u00e8mes et les mesures de soutien en place \u00e0 l&rsquo;\u00cele-du-Prince-\u00c9douard.<\/p>\n<\/div>\n<p>&nbsp;<\/p>\n<div class=\"text\">\n<p>\u00ab Une partie de notre monde, pas un monde \u00e0 part. \u00bb<\/p>\n<\/div>\n<\/div>\n<div class=\"col-lg-4\">\n<div class=\"about-image\">\n<figure><img loading=\"lazy\" decoding=\"async\" class=\"alignnone size-medium wp-image-924\" src=\"https:\/\/autismsociety.pe.ca\/wp-content\/uploads\/2025\/04\/ASPEI-logo-white-01-300x130.png\" alt=\"\" width=\"300\" height=\"130\" srcset=\"https:\/\/autismsociety.pe.ca\/wp-content\/uploads\/2025\/04\/ASPEI-logo-white-01-300x130.png 300w, https:\/\/autismsociety.pe.ca\/wp-content\/uploads\/2025\/04\/ASPEI-logo-white-01.png 666w\" sizes=\"auto, (max-width: 300px) 100vw, 300px\" \/><\/figure>\n<\/div>\n<\/div>\n<\/div>\n<\/div>\n<\/div>\n<\/div>\n<\/section>\n","protected":false},"excerpt":{"rendered":"<p>Trousses de diagnostic pour les familles La Soci\u00e9t\u00e9 de l&rsquo;autisme de l&rsquo;\u00ce.-P.-\u00c9. a cr\u00e9\u00e9 des trousses de diagnostic pour aider les familles \u00e0 mieux comprendre les services et les mesures de soutien offerts \u00e0 l&rsquo;\u00e9chelle provinciale et nationale. Les trousses sont con\u00e7ues pour guider les familles \u00e0 chaque \u00e9tape du parcours apr\u00e8s avoir re\u00e7u un&hellip; <a class=\"more-link\" href=\"https:\/\/autismsociety.pe.ca\/fr\/nouveau-diagnostic\/\">Poursuivre la lecture <span class=\"screen-reader-text\">Nouveau diagnostic<\/span><\/a><\/p>\n","protected":false},"author":1,"featured_media":0,"parent":0,"menu_order":0,"comment_status":"closed","ping_status":"closed","template":"","meta":{"give_campaign_id":0,"_monsterinsights_skip_tracking":false,"_monsterinsights_sitenote_active":false,"_monsterinsights_sitenote_note":"","_monsterinsights_sitenote_category":0,"footnotes":""},"class_list":["post-1111","page","type-page","status-publish","hentry","entry"],"yoast_head":"<!-- This site is optimized with the Yoast SEO plugin v27.5 - https:\/\/yoast.com\/product\/yoast-seo-wordpress\/ -->\n<title>Nouveau diagnostic - Autism Society<\/title>\n<meta name=\"robots\" content=\"index, follow, max-snippet:-1, max-image-preview:large, max-video-preview:-1\" \/>\n<link rel=\"canonical\" href=\"https:\/\/autismsociety.pe.ca\/fr\/nouveau-diagnostic\/\" \/>\n<meta property=\"og:locale\" content=\"fr_FR\" \/>\n<meta property=\"og:type\" content=\"article\" \/>\n<meta property=\"og:title\" content=\"Nouveau diagnostic - Autism Society\" \/>\n<meta property=\"og:description\" content=\"Trousses de diagnostic pour les familles La Soci\u00e9t\u00e9 de l&rsquo;autisme de l&rsquo;\u00ce.-P.-\u00c9. a cr\u00e9\u00e9 des trousses de diagnostic pour aider les familles \u00e0 mieux comprendre les services et les mesures de soutien offerts \u00e0 l&rsquo;\u00e9chelle provinciale et nationale. Les trousses sont con\u00e7ues pour guider les familles \u00e0 chaque \u00e9tape du parcours apr\u00e8s avoir re\u00e7u un&hellip; Poursuivre la lecture Nouveau diagnostic\" \/>\n<meta property=\"og:url\" content=\"https:\/\/autismsociety.pe.ca\/fr\/nouveau-diagnostic\/\" \/>\n<meta property=\"og:site_name\" content=\"Autism Society\" \/>\n<meta property=\"article:modified_time\" content=\"2025-11-21T17:55:41+00:00\" \/>\n<meta property=\"og:image\" content=\"https:\/\/autismsociety.pe.ca\/wp-content\/uploads\/2025\/04\/ASPEI-logo-white-01.png\" \/>\n\t<meta property=\"og:image:width\" content=\"666\" \/>\n\t<meta property=\"og:image:height\" content=\"288\" \/>\n\t<meta property=\"og:image:type\" content=\"image\/png\" \/>\n<meta name=\"twitter:card\" content=\"summary_large_image\" \/>\n<meta name=\"twitter:label1\" content=\"Dur\u00e9e de lecture estim\u00e9e\" \/>\n\t<meta name=\"twitter:data1\" content=\"1 minute\" \/>\n<script type=\"application\/ld+json\" class=\"yoast-schema-graph\">{\"@context\":\"https:\\\/\\\/schema.org\",\"@graph\":[{\"@type\":\"WebPage\",\"@id\":\"https:\\\/\\\/autismsociety.pe.ca\\\/fr\\\/nouveau-diagnostic\\\/\",\"url\":\"https:\\\/\\\/autismsociety.pe.ca\\\/fr\\\/nouveau-diagnostic\\\/\",\"name\":\"Nouveau diagnostic - Autism Society\",\"isPartOf\":{\"@id\":\"https:\\\/\\\/autismsociety.pe.ca\\\/fr\\\/#website\"},\"primaryImageOfPage\":{\"@id\":\"https:\\\/\\\/autismsociety.pe.ca\\\/fr\\\/nouveau-diagnostic\\\/#primaryimage\"},\"image\":{\"@id\":\"https:\\\/\\\/autismsociety.pe.ca\\\/fr\\\/nouveau-diagnostic\\\/#primaryimage\"},\"thumbnailUrl\":\"https:\\\/\\\/autismsociety.pe.ca\\\/wp-content\\\/uploads\\\/2025\\\/04\\\/ASPEI-logo-white-01-300x130.png\",\"datePublished\":\"2021-05-13T12:53:55+00:00\",\"dateModified\":\"2025-11-21T17:55:41+00:00\",\"breadcrumb\":{\"@id\":\"https:\\\/\\\/autismsociety.pe.ca\\\/fr\\\/nouveau-diagnostic\\\/#breadcrumb\"},\"inLanguage\":\"fr-FR\",\"potentialAction\":[{\"@type\":\"ReadAction\",\"target\":[\"https:\\\/\\\/autismsociety.pe.ca\\\/fr\\\/nouveau-diagnostic\\\/\"]}]},{\"@type\":\"ImageObject\",\"inLanguage\":\"fr-FR\",\"@id\":\"https:\\\/\\\/autismsociety.pe.ca\\\/fr\\\/nouveau-diagnostic\\\/#primaryimage\",\"url\":\"https:\\\/\\\/autismsociety.pe.ca\\\/wp-content\\\/uploads\\\/2025\\\/04\\\/ASPEI-logo-white-01-300x130.png\",\"contentUrl\":\"https:\\\/\\\/autismsociety.pe.ca\\\/wp-content\\\/uploads\\\/2025\\\/04\\\/ASPEI-logo-white-01-300x130.png\"},{\"@type\":\"BreadcrumbList\",\"@id\":\"https:\\\/\\\/autismsociety.pe.ca\\\/fr\\\/nouveau-diagnostic\\\/#breadcrumb\",\"itemListElement\":[{\"@type\":\"ListItem\",\"position\":1,\"name\":\"Home\",\"item\":\"https:\\\/\\\/autismsociety.pe.ca\\\/fr\\\/\"},{\"@type\":\"ListItem\",\"position\":2,\"name\":\"Nouveau diagnostic\"}]},{\"@type\":\"WebSite\",\"@id\":\"https:\\\/\\\/autismsociety.pe.ca\\\/fr\\\/#website\",\"url\":\"https:\\\/\\\/autismsociety.pe.ca\\\/fr\\\/\",\"name\":\"Autism Society\",\"description\":\"Welcome to the Autism Society of PEI\",\"publisher\":{\"@id\":\"https:\\\/\\\/autismsociety.pe.ca\\\/fr\\\/#organization\"},\"potentialAction\":[{\"@type\":\"SearchAction\",\"target\":{\"@type\":\"EntryPoint\",\"urlTemplate\":\"https:\\\/\\\/autismsociety.pe.ca\\\/fr\\\/?s={search_term_string}\"},\"query-input\":{\"@type\":\"PropertyValueSpecification\",\"valueRequired\":true,\"valueName\":\"search_term_string\"}}],\"inLanguage\":\"fr-FR\"},{\"@type\":\"Organization\",\"@id\":\"https:\\\/\\\/autismsociety.pe.ca\\\/fr\\\/#organization\",\"name\":\"Autism Society\",\"url\":\"https:\\\/\\\/autismsociety.pe.ca\\\/fr\\\/\",\"logo\":{\"@type\":\"ImageObject\",\"inLanguage\":\"fr-FR\",\"@id\":\"https:\\\/\\\/autismsociety.pe.ca\\\/fr\\\/#\\\/schema\\\/logo\\\/image\\\/\",\"url\":\"https:\\\/\\\/autismsociety.pe.ca\\\/wp-content\\\/uploads\\\/2021\\\/09\\\/cropped-index-1.png\",\"contentUrl\":\"https:\\\/\\\/autismsociety.pe.ca\\\/wp-content\\\/uploads\\\/2021\\\/09\\\/cropped-index-1.png\",\"width\":512,\"height\":512,\"caption\":\"Autism Society\"},\"image\":{\"@id\":\"https:\\\/\\\/autismsociety.pe.ca\\\/fr\\\/#\\\/schema\\\/logo\\\/image\\\/\"}}]}<\/script>\n<!-- \/ Yoast SEO plugin. -->","yoast_head_json":{"title":"Nouveau diagnostic - Autism Society","robots":{"index":"index","follow":"follow","max-snippet":"max-snippet:-1","max-image-preview":"max-image-preview:large","max-video-preview":"max-video-preview:-1"},"canonical":"https:\/\/autismsociety.pe.ca\/fr\/nouveau-diagnostic\/","og_locale":"fr_FR","og_type":"article","og_title":"Nouveau diagnostic - Autism Society","og_description":"Trousses de diagnostic pour les familles La Soci\u00e9t\u00e9 de l&rsquo;autisme de l&rsquo;\u00ce.-P.-\u00c9. a cr\u00e9\u00e9 des trousses de diagnostic pour aider les familles \u00e0 mieux comprendre les services et les mesures de soutien offerts \u00e0 l&rsquo;\u00e9chelle provinciale et nationale. Les trousses sont con\u00e7ues pour guider les familles \u00e0 chaque \u00e9tape du parcours apr\u00e8s avoir re\u00e7u un&hellip; Poursuivre la lecture Nouveau diagnostic","og_url":"https:\/\/autismsociety.pe.ca\/fr\/nouveau-diagnostic\/","og_site_name":"Autism Society","article_modified_time":"2025-11-21T17:55:41+00:00","og_image":[{"width":666,"height":288,"url":"https:\/\/autismsociety.pe.ca\/wp-content\/uploads\/2025\/04\/ASPEI-logo-white-01.png","type":"image\/png"}],"twitter_card":"summary_large_image","twitter_misc":{"Dur\u00e9e de lecture estim\u00e9e":"1 minute"},"schema":{"@context":"https:\/\/schema.org","@graph":[{"@type":"WebPage","@id":"https:\/\/autismsociety.pe.ca\/fr\/nouveau-diagnostic\/","url":"https:\/\/autismsociety.pe.ca\/fr\/nouveau-diagnostic\/","name":"Nouveau diagnostic - Autism Society","isPartOf":{"@id":"https:\/\/autismsociety.pe.ca\/fr\/#website"},"primaryImageOfPage":{"@id":"https:\/\/autismsociety.pe.ca\/fr\/nouveau-diagnostic\/#primaryimage"},"image":{"@id":"https:\/\/autismsociety.pe.ca\/fr\/nouveau-diagnostic\/#primaryimage"},"thumbnailUrl":"https:\/\/autismsociety.pe.ca\/wp-content\/uploads\/2025\/04\/ASPEI-logo-white-01-300x130.png","datePublished":"2021-05-13T12:53:55+00:00","dateModified":"2025-11-21T17:55:41+00:00","breadcrumb":{"@id":"https:\/\/autismsociety.pe.ca\/fr\/nouveau-diagnostic\/#breadcrumb"},"inLanguage":"fr-FR","potentialAction":[{"@type":"ReadAction","target":["https:\/\/autismsociety.pe.ca\/fr\/nouveau-diagnostic\/"]}]},{"@type":"ImageObject","inLanguage":"fr-FR","@id":"https:\/\/autismsociety.pe.ca\/fr\/nouveau-diagnostic\/#primaryimage","url":"https:\/\/autismsociety.pe.ca\/wp-content\/uploads\/2025\/04\/ASPEI-logo-white-01-300x130.png","contentUrl":"https:\/\/autismsociety.pe.ca\/wp-content\/uploads\/2025\/04\/ASPEI-logo-white-01-300x130.png"},{"@type":"BreadcrumbList","@id":"https:\/\/autismsociety.pe.ca\/fr\/nouveau-diagnostic\/#breadcrumb","itemListElement":[{"@type":"ListItem","position":1,"name":"Home","item":"https:\/\/autismsociety.pe.ca\/fr\/"},{"@type":"ListItem","position":2,"name":"Nouveau diagnostic"}]},{"@type":"WebSite","@id":"https:\/\/autismsociety.pe.ca\/fr\/#website","url":"https:\/\/autismsociety.pe.ca\/fr\/","name":"Autism Society","description":"Welcome to the Autism Society of PEI","publisher":{"@id":"https:\/\/autismsociety.pe.ca\/fr\/#organization"},"potentialAction":[{"@type":"SearchAction","target":{"@type":"EntryPoint","urlTemplate":"https:\/\/autismsociety.pe.ca\/fr\/?s={search_term_string}"},"query-input":{"@type":"PropertyValueSpecification","valueRequired":true,"valueName":"search_term_string"}}],"inLanguage":"fr-FR"},{"@type":"Organization","@id":"https:\/\/autismsociety.pe.ca\/fr\/#organization","name":"Autism Society","url":"https:\/\/autismsociety.pe.ca\/fr\/","logo":{"@type":"ImageObject","inLanguage":"fr-FR","@id":"https:\/\/autismsociety.pe.ca\/fr\/#\/schema\/logo\/image\/","url":"https:\/\/autismsociety.pe.ca\/wp-content\/uploads\/2021\/09\/cropped-index-1.png","contentUrl":"https:\/\/autismsociety.pe.ca\/wp-content\/uploads\/2021\/09\/cropped-index-1.png","width":512,"height":512,"caption":"Autism Society"},"image":{"@id":"https:\/\/autismsociety.pe.ca\/fr\/#\/schema\/logo\/image\/"}}]}},"campaignId":"","_links":{"self":[{"href":"https:\/\/autismsociety.pe.ca\/fr\/wp-json\/wp\/v2\/pages\/1111","targetHints":{"allow":["GET"]}}],"collection":[{"href":"https:\/\/autismsociety.pe.ca\/fr\/wp-json\/wp\/v2\/pages"}],"about":[{"href":"https:\/\/autismsociety.pe.ca\/fr\/wp-json\/wp\/v2\/types\/page"}],"author":[{"embeddable":true,"href":"https:\/\/autismsociety.pe.ca\/fr\/wp-json\/wp\/v2\/users\/1"}],"replies":[{"embeddable":true,"href":"https:\/\/autismsociety.pe.ca\/fr\/wp-json\/wp\/v2\/comments?post=1111"}],"version-history":[{"count":1,"href":"https:\/\/autismsociety.pe.ca\/fr\/wp-json\/wp\/v2\/pages\/1111\/revisions"}],"predecessor-version":[{"id":1348,"href":"https:\/\/autismsociety.pe.ca\/fr\/wp-json\/wp\/v2\/pages\/1111\/revisions\/1348"}],"wp:attachment":[{"href":"https:\/\/autismsociety.pe.ca\/fr\/wp-json\/wp\/v2\/media?parent=1111"}],"curies":[{"name":"wp","href":"https:\/\/api.w.org\/{rel}","templated":true}]}}