{"id":1104,"date":"2021-05-13T13:07:27","date_gmt":"2021-05-13T13:07:27","guid":{"rendered":"https:\/\/autismsociety.pe.ca\/ressources\/"},"modified":"2025-11-21T18:18:27","modified_gmt":"2025-11-21T18:18:27","slug":"ressources","status":"publish","type":"page","link":"https:\/\/autismsociety.pe.ca\/fr\/ressources\/","title":{"rendered":"Ressources"},"content":{"rendered":"<section class=\"about-us-two ptb-60 ptb-30\">\n<div class=\"auto-container\">\n<p><!-- about block --><\/p>\n<div class=\"about-block-two\">\n<h1>Ressources <span class=\"tt\">provinciales<\/span><\/h1>\n<div class=\"row\">\n<div class=\"col-lg-6\">\n<div class=\"Resources-list\">\n<ul>\n<li><a href=\"https:\/\/www.princeedwardisland.ca\/fr\/sujet\/personnes-handicapees\">Programme d&rsquo;accessibilit\u00e9 de l&rsquo;\u00ce.-P.-\u00c9.<\/a><\/li>\n<li><a href=\"https:\/\/www.princeedwardisland.ca\/fr\/information\/education-et-petite-enfance\/equipes-bien-etre-scolaires\">\u00c9quipes de bien-\u00eatre scolaires<\/a><\/li>\n<li><a href=\"https:\/\/socialabcs.ca\/\" target=\"_blank\" rel=\"noopener\">Programme Social ABCs<\/a><\/li>\n<li><a href=\"https:\/\/www.princeedwardisland.ca\/fr\/service\/orthophonie\" target=\"_blank\" rel=\"noopener\">Programme d&rsquo;orthophonie provincial<\/a><\/li>\n<li><a href=\"http:\/\/www.autismnovascotia.ca\" target=\"_blank\" rel=\"noopener\">Autism Nova Scotia<\/a><\/li>\n<li><a href=\"https:\/\/autismsociety.pe.ca\/wp-content\/uploads\/2022\/04\/PEI-Helping-Tree.pdf\" target=\"_blank\" rel=\"noopener\">Arbre d\u2019aide de l\u2019\u00ce. -P.-\u00c9.<\/a><\/li>\n<li><a href=\"https:\/\/www.princeedwardisland.ca\/fr\/information\/education-et-petite-enfance\/services-autisme-enfants-et-jeunes\">Minist\u00e8re de l&rsquo;\u00c9ducation, services en autisme<\/a><\/li>\n<li><a href=\"https:\/\/www.princeedwardisland.ca\/fr\/sujet\/sante\" target=\"_blank\" rel=\"noopener\">Minist\u00e8re de la Sant\u00e9 et du Mieux-\u00eatre<\/a><\/li>\n<li><a href=\"https:\/\/edu.princeedwardisland.ca\/psb\/\" target=\"_blank\" rel=\"noopener\">Direction des \u00e9coles publiques de langue anglaise<\/a><\/li>\n<li><a href=\"https:\/\/cslf.edu.pe.ca\/\" target=\"_blank\" rel=\"noopener\">La Commission scolaire de langue francaise<\/a><\/li>\n<li><a href=\"https:\/\/www.assembly.pe.ca\/offices\/information-and-privacy-commissioner\" target=\"_blank\" rel=\"noopener\">Bureau du commissaire \u00e0 l\u2019information et \u00e0 la protection de la vie priv\u00e9e<\/a><\/li>\n<li><a href=\"https:\/\/peiacl.org\/\" target=\"_blank\" rel=\"noopener\">Conseil des personnes handicap\u00e9es de l\u2019\u00ce.-P.-\u00c9.<\/a><\/li>\n<li><a href=\"https:\/\/www.peihumanrights.ca\/en-francais\" target=\"_blank\" rel=\"noopener\">Commission des droits de la personne de l\u2019\u00ce.-P.-\u00c9.<\/a><\/li>\n<li><a href=\"https:\/\/starsforlife.com\/\" target=\"_blank\" rel=\"noopener\">Stars for Life Foundation for Autism<\/a><\/li>\n<li><a href=\"https:\/\/www.recrespite.com\/\" target=\"_blank\" rel=\"noopener\">Recreational Respite (en ligne)<\/a><\/li>\n<li><a href=\"https:\/\/www.upei.ca\/accessibility\" target=\"_blank\" rel=\"noopener\">Universit\u00e9 de l&rsquo;\u00ce.-P.-\u00c9., services d&rsquo;accessibilit\u00e9<\/a><\/li>\n<li><a href=\"https:\/\/www.hollandcollege.com\/student-support-services\/\" target=\"_blank\" rel=\"noopener\">Coll\u00e8ge Holland, services d&rsquo;appui aux \u00e9tudiantes et \u00e9tudiants<\/a><\/li>\n<li><a href=\"https:\/\/resourceabilities.ca\/snoezelon-room\/\" target=\"_blank\" rel=\"noopener\">Snoezelen Room<\/a><\/li>\n<li><a href=\"https:\/\/www.triplep-parentalite.ca\/can-fr\/triple-p\/?itb=976b1a9632d56fe807128f14925de66b\" target=\"_blank\" rel=\"noopener\">Triple P (programme de parentalit\u00e9 positive)<\/a><\/li>\n<li><a href=\"https:\/\/pei.cmha.ca\/find-help\/crisis-support\/\" target=\"_blank\" rel=\"noopener\">Ligne d&rsquo;\u00e9coute de l&rsquo;\u00ce.-P.-\u00c9. (Association canadienne pour la sant\u00e9 mentale)<\/a><\/li>\n<li><a href=\"https:\/\/www.princeedwardisland.ca\/fr\/information\/211-i-p-e\" target=\"_blank\" rel=\"noopener\">211 \u00ce.-P.-\u00c9.<\/a><\/li>\n<li><a href=\"https:\/\/www.sylvanlearning.com\/\" target=\"_blank\" rel=\"noopener\">Sylvan Learning Centre<\/a><\/li>\n<li><a href=\"https:\/\/parasportpei.ca\/sports\/swimming\/\" target=\"_blank\" rel=\"noopener\">Aqua Abilities<\/a><\/li>\n<li>\n<div><a href=\"https:\/\/www.byte.com\/community\/resources\/article\/dental-care-children-with-autism-guide\/\">Guide sur les soins dentaires chez les enfants autistes<\/a><\/div>\n<\/li>\n<li><a href=\"https:\/\/workplacelearningpei.com\/programs\/\">Workplace Learning PEI, programme ADAPT<\/a><\/li>\n<\/ul>\n<\/div>\n<div class=\"Resources-list\"><\/div>\n<h1>Ressources <span class=\"tt\">nationales<\/span><\/h1>\n<div class=\"Resources-list\">\n<ul>\n<li style=\"list-style-type: none;\">\n<ul>\n<li><a href=\"https:\/\/autismcanada.org\/\" target=\"_blank\" rel=\"noopener\">Autisme Canada<\/a><\/li>\n<li><a href=\"https:\/\/www.nationalautismcenter.org\/autism\/autism-today\/\" target=\"_blank\" rel=\"noopener\">Autism Today<\/a><\/li>\n<li><a href=\"https:\/\/www.autismspeaks.org\/\" target=\"_blank\" rel=\"noopener\">Autism Speaks Canada<\/a><\/li>\n<li><a href=\"https:\/\/autismawarenesscentre.com\/\" target=\"_blank\" rel=\"noopener\">Autism Awareness Centre Inc<\/a><\/li>\n<li><a href=\"https:\/\/www.canada.ca\/fr\/services\/prestations\/handicap.html\" target=\"_blank\" rel=\"noopener\">Service Canada, prestations d&rsquo;invalidit\u00e9<\/a><\/li>\n<li><a href=\"https:\/\/www.canada.ca\/fr\/agence-revenu\/services\/impot\/particuliers\/segments\/deductions-credits-impot-personnes-handicapees\/credit-impot-personnes-handicapees.html\" target=\"_blank\" rel=\"noopener\">Cr\u00e9dit d\u2019imp\u00f4t pour personnes handicap\u00e9es<\/a><\/li>\n<li><a href=\"https:\/\/www.autism.net\/\" target=\"_blank\" rel=\"noopener\">Geneva Centre for Autism<\/a><\/li>\n<li><a href=\"https:\/\/www.mesotheliomahope.com\/resources\/children\/\">Mesothelioma Hope<\/a><\/li>\n<\/ul>\n<\/li>\n<\/ul>\n<\/div>\n<h1>Ressources<span class=\"tt\"> internationales<\/span><\/h1>\n<div class=\"Resources-list\">\n<ul>\n<li><a href=\"https:\/\/autcom.org\/\" target=\"_blank\" rel=\"noopener\">Autcom National Committee<\/a><\/li>\n<li><a href=\"https:\/\/www.cdc.gov\/\" target=\"_blank\" rel=\"noopener\">Centers for Disease Control<\/a><\/li>\n<li><a href=\"https:\/\/www.autism.org.uk\/\" target=\"_blank\" rel=\"noopener\">National Society for Autism (UK)<\/a><\/li>\n<\/ul>\n<h1><span class=\"tt\">Musicoth\u00e9rapie<\/span><\/h1>\n<div class=\"Resources-list\">\n<ul>\n<li><a href=\"https:\/\/www.sereneviewranch.com\/\" target=\"_blank\" rel=\"noopener\">Serene View Ranch<\/a><\/li>\n<li><a href=\"https:\/\/www.singingsandsmt.ca\/\" target=\"_blank\" rel=\"noopener\">Shona Pottinger<\/a><\/li>\n<li><a href=\"https:\/\/www.katherinelowings.com\/\" target=\"_blank\" rel=\"noopener\">KL Therapy and Wellness<\/a><\/li>\n<\/ul>\n<h1><span class=\"tt\">\u00c9quith\u00e9rapie<\/span><\/h1>\n<ul>\n<li><a href=\"https:\/\/thejoyriders.ca\/\" target=\"_blank\" rel=\"noopener\">Club d&rsquo;\u00e9quitation The Joyriders<\/a><\/li>\n<li><a href=\"https:\/\/www.sereneviewranch.com\/\" target=\"_blank\" rel=\"noopener\">Services psychologiques de Serene View Ranch<\/a><\/li>\n<li><a href=\"https:\/\/www.spiritswhisperranch.ca\/\" target=\"_blank\" rel=\"noopener\">Spirit&rsquo;s Whisper Ranch<\/a><\/li>\n<li><a href=\"https:\/\/www.facebook.com\/AnchorEQ\/\" target=\"_blank\" rel=\"noopener\">Anchor Equestrian<\/a><\/li>\n<li><a href=\"https:\/\/www.facebook.com\/hjcpei\/\" target=\"_blank\" rel=\"noopener\">The Hughes-Jones Centre for People and Animals<\/a><\/li>\n<li><a href=\"https:\/\/handibearhills.com\/\" target=\"_blank\" rel=\"noopener\">Handibear Hills Horse Sanctuary<\/a><\/li>\n<li><a href=\"https:\/\/www.hoofprintsranch.net\/\" target=\"_blank\" rel=\"noopener\">Hoofprints Ranch<\/a><\/li>\n<li><a href=\"https:\/\/www.facebook.com\/p\/Island-Wide-Equestrian-100063631089444\/\" target=\"_blank\" rel=\"noopener\">Island Wide Equestrian<\/a><\/li>\n<li><a href=\"https:\/\/www.facebook.com\/GrandRiverPEI\/\" target=\"_blank\" rel=\"noopener\">Grand River Ranch<\/a><\/li>\n<li><a href=\"https:\/\/pphfarms.com\/\" target=\"_blank\" rel=\"noopener\">PPH Farms<\/a><\/li>\n<\/ul>\n<\/div>\n<\/div>\n<h1>Ressources <span class=\"tt\">d&rsquo;activit\u00e9s familiales<\/span><\/h1>\n<div class=\"Resources-list\">\n<ul>\n<li><a href=\"https:\/\/access2card.ca\/fr\/\" target=\"_blank\" rel=\"noopener\">Carte Acc\u00e8s 2<\/a><\/li>\n<li><a href=\"https:\/\/recreationpei.ca\/\" target=\"_blank\" rel=\"noopener\">Recreation PEI<\/a><\/li>\n<li><a href=\"http:\/\/www.kidsportcanada.ca\/prince-edward-island\/\" target=\"_blank\" rel=\"noopener\">Sport Jeunesse Canada<\/a><\/li>\n<li><a href=\"http:\/\/parasportpei.ca\/sports\/swimming\/\" target=\"_blank\" rel=\"noopener\">Parasport PEI (natation)<\/a><\/li>\n<\/ul>\n<\/div>\n<\/div>\n<\/div>\n<h1>Project <span class=\"tt\">Lifesaver<\/span><\/h1>\n<div class=\"text\">\n<p>Project Lifesaver propose un programme de sauvetage auquel on peut inscrire un enfant autiste qui risque de s&rsquo;\u00e9vader. Il consiste \u00e0 porter un petit appareil personnel qui \u00e9met un signal de localisation individualis\u00e9. Si une personne autiste inscrite au programme s&rsquo;\u00e9loigne d&rsquo;un lieu s\u00fbr, la personne soignante en informe les responsables du programme local et une \u00e9quipe d&rsquo;urgence form\u00e9e intervient dans la zone o\u00f9 se trouve la personne \u00e9gar\u00e9e. Information suppl\u00e9mentaire : Project Lifesaver PEI et <a href=\"https:\/\/projectlifesaver.org\/\">Project Lifesaver International<\/a>.<\/p>\n<h1>Ressources sugg\u00e9r\u00e9es par des <span class=\"tt\">\u00e9l\u00e8ves de l&rsquo;\u00cele<\/span><\/h1>\n<ul>\n<li><a href=\"http:\/\/librarysciencedegreesonline.org\/libraries-and-autism\/\">Library Science Degrees Online<\/a><\/li>\n<li><a href=\"https:\/\/www.voyagersopris.com\/vsl\/blog\/what-is-dysgraphia-how-to-identify-and-support\">Qu&rsquo;est-ce que la dysgraphie ? La dysgraphie chez les \u00e9l\u00e8ves (en anglais)<\/a><\/li>\n<\/ul>\n<\/div>\n<\/div>\n<p>&nbsp;<\/p>\n<p>&nbsp;<\/p>\n<h4>Si vous avez une ressource \u00e0 sugg\u00e9rer en mati\u00e8re d&rsquo;autisme, faites parvenir un courriel \u00e0 <a href=\"mailto:Nick@autismsociety.pe.ca\">Nick@autismsociety.pe.ca<\/a><\/h4>\n<\/div>\n<\/section>\n","protected":false},"excerpt":{"rendered":"<p>Ressources provinciales Programme d&rsquo;accessibilit\u00e9 de l&rsquo;\u00ce.-P.-\u00c9. \u00c9quipes de bien-\u00eatre scolaires Programme Social ABCs Programme d&rsquo;orthophonie provincial Autism Nova Scotia Arbre d\u2019aide de l\u2019\u00ce. -P.-\u00c9. Minist\u00e8re de l&rsquo;\u00c9ducation, services en autisme Minist\u00e8re de la Sant\u00e9 et du Mieux-\u00eatre Direction des \u00e9coles publiques de langue anglaise La Commission scolaire de langue francaise Bureau du commissaire \u00e0 l\u2019information&hellip; <a class=\"more-link\" href=\"https:\/\/autismsociety.pe.ca\/fr\/ressources\/\">Poursuivre la lecture <span class=\"screen-reader-text\">Ressources<\/span><\/a><\/p>\n","protected":false},"author":1,"featured_media":0,"parent":0,"menu_order":0,"comment_status":"closed","ping_status":"closed","template":"","meta":{"give_campaign_id":0,"_monsterinsights_skip_tracking":false,"_monsterinsights_sitenote_active":false,"_monsterinsights_sitenote_note":"","_monsterinsights_sitenote_category":0,"footnotes":""},"class_list":["post-1104","page","type-page","status-publish","hentry","entry"],"yoast_head":"<!-- This site is optimized with the Yoast SEO plugin v27.5 - https:\/\/yoast.com\/product\/yoast-seo-wordpress\/ -->\n<title>Ressources - Autism Society<\/title>\n<meta name=\"robots\" content=\"index, follow, max-snippet:-1, max-image-preview:large, max-video-preview:-1\" \/>\n<link rel=\"canonical\" href=\"https:\/\/autismsociety.pe.ca\/fr\/ressources\/\" \/>\n<meta property=\"og:locale\" content=\"fr_FR\" \/>\n<meta property=\"og:type\" content=\"article\" \/>\n<meta property=\"og:title\" content=\"Ressources - Autism Society\" \/>\n<meta property=\"og:description\" content=\"Ressources provinciales Programme d&rsquo;accessibilit\u00e9 de l&rsquo;\u00ce.-P.-\u00c9. \u00c9quipes de bien-\u00eatre scolaires Programme Social ABCs Programme d&rsquo;orthophonie provincial Autism Nova Scotia Arbre d\u2019aide de l\u2019\u00ce. -P.-\u00c9. Minist\u00e8re de l&rsquo;\u00c9ducation, services en autisme Minist\u00e8re de la Sant\u00e9 et du Mieux-\u00eatre Direction des \u00e9coles publiques de langue anglaise La Commission scolaire de langue francaise Bureau du commissaire \u00e0 l\u2019information&hellip; Poursuivre la lecture Ressources\" \/>\n<meta property=\"og:url\" content=\"https:\/\/autismsociety.pe.ca\/fr\/ressources\/\" \/>\n<meta property=\"og:site_name\" content=\"Autism Society\" \/>\n<meta property=\"article:modified_time\" content=\"2025-11-21T18:18:27+00:00\" \/>\n<meta name=\"twitter:card\" content=\"summary_large_image\" \/>\n<meta name=\"twitter:label1\" content=\"Dur\u00e9e de lecture estim\u00e9e\" \/>\n\t<meta name=\"twitter:data1\" content=\"2 minutes\" \/>\n<script type=\"application\/ld+json\" class=\"yoast-schema-graph\">{\"@context\":\"https:\\\/\\\/schema.org\",\"@graph\":[{\"@type\":\"WebPage\",\"@id\":\"https:\\\/\\\/autismsociety.pe.ca\\\/fr\\\/ressources\\\/\",\"url\":\"https:\\\/\\\/autismsociety.pe.ca\\\/fr\\\/ressources\\\/\",\"name\":\"Ressources - Autism Society\",\"isPartOf\":{\"@id\":\"https:\\\/\\\/autismsociety.pe.ca\\\/fr\\\/#website\"},\"datePublished\":\"2021-05-13T13:07:27+00:00\",\"dateModified\":\"2025-11-21T18:18:27+00:00\",\"breadcrumb\":{\"@id\":\"https:\\\/\\\/autismsociety.pe.ca\\\/fr\\\/ressources\\\/#breadcrumb\"},\"inLanguage\":\"fr-FR\",\"potentialAction\":[{\"@type\":\"ReadAction\",\"target\":[\"https:\\\/\\\/autismsociety.pe.ca\\\/fr\\\/ressources\\\/\"]}]},{\"@type\":\"BreadcrumbList\",\"@id\":\"https:\\\/\\\/autismsociety.pe.ca\\\/fr\\\/ressources\\\/#breadcrumb\",\"itemListElement\":[{\"@type\":\"ListItem\",\"position\":1,\"name\":\"Home\",\"item\":\"https:\\\/\\\/autismsociety.pe.ca\\\/fr\\\/\"},{\"@type\":\"ListItem\",\"position\":2,\"name\":\"Ressources\"}]},{\"@type\":\"WebSite\",\"@id\":\"https:\\\/\\\/autismsociety.pe.ca\\\/fr\\\/#website\",\"url\":\"https:\\\/\\\/autismsociety.pe.ca\\\/fr\\\/\",\"name\":\"Autism Society\",\"description\":\"Welcome to the Autism Society of PEI\",\"publisher\":{\"@id\":\"https:\\\/\\\/autismsociety.pe.ca\\\/fr\\\/#organization\"},\"potentialAction\":[{\"@type\":\"SearchAction\",\"target\":{\"@type\":\"EntryPoint\",\"urlTemplate\":\"https:\\\/\\\/autismsociety.pe.ca\\\/fr\\\/?s={search_term_string}\"},\"query-input\":{\"@type\":\"PropertyValueSpecification\",\"valueRequired\":true,\"valueName\":\"search_term_string\"}}],\"inLanguage\":\"fr-FR\"},{\"@type\":\"Organization\",\"@id\":\"https:\\\/\\\/autismsociety.pe.ca\\\/fr\\\/#organization\",\"name\":\"Autism Society\",\"url\":\"https:\\\/\\\/autismsociety.pe.ca\\\/fr\\\/\",\"logo\":{\"@type\":\"ImageObject\",\"inLanguage\":\"fr-FR\",\"@id\":\"https:\\\/\\\/autismsociety.pe.ca\\\/fr\\\/#\\\/schema\\\/logo\\\/image\\\/\",\"url\":\"https:\\\/\\\/autismsociety.pe.ca\\\/wp-content\\\/uploads\\\/2021\\\/09\\\/cropped-index-1.png\",\"contentUrl\":\"https:\\\/\\\/autismsociety.pe.ca\\\/wp-content\\\/uploads\\\/2021\\\/09\\\/cropped-index-1.png\",\"width\":512,\"height\":512,\"caption\":\"Autism Society\"},\"image\":{\"@id\":\"https:\\\/\\\/autismsociety.pe.ca\\\/fr\\\/#\\\/schema\\\/logo\\\/image\\\/\"}}]}<\/script>\n<!-- \/ Yoast SEO plugin. -->","yoast_head_json":{"title":"Ressources - Autism Society","robots":{"index":"index","follow":"follow","max-snippet":"max-snippet:-1","max-image-preview":"max-image-preview:large","max-video-preview":"max-video-preview:-1"},"canonical":"https:\/\/autismsociety.pe.ca\/fr\/ressources\/","og_locale":"fr_FR","og_type":"article","og_title":"Ressources - Autism Society","og_description":"Ressources provinciales Programme d&rsquo;accessibilit\u00e9 de l&rsquo;\u00ce.-P.-\u00c9. \u00c9quipes de bien-\u00eatre scolaires Programme Social ABCs Programme d&rsquo;orthophonie provincial Autism Nova Scotia Arbre d\u2019aide de l\u2019\u00ce. -P.-\u00c9. Minist\u00e8re de l&rsquo;\u00c9ducation, services en autisme Minist\u00e8re de la Sant\u00e9 et du Mieux-\u00eatre Direction des \u00e9coles publiques de langue anglaise La Commission scolaire de langue francaise Bureau du commissaire \u00e0 l\u2019information&hellip; Poursuivre la lecture Ressources","og_url":"https:\/\/autismsociety.pe.ca\/fr\/ressources\/","og_site_name":"Autism Society","article_modified_time":"2025-11-21T18:18:27+00:00","twitter_card":"summary_large_image","twitter_misc":{"Dur\u00e9e de lecture estim\u00e9e":"2 minutes"},"schema":{"@context":"https:\/\/schema.org","@graph":[{"@type":"WebPage","@id":"https:\/\/autismsociety.pe.ca\/fr\/ressources\/","url":"https:\/\/autismsociety.pe.ca\/fr\/ressources\/","name":"Ressources - Autism Society","isPartOf":{"@id":"https:\/\/autismsociety.pe.ca\/fr\/#website"},"datePublished":"2021-05-13T13:07:27+00:00","dateModified":"2025-11-21T18:18:27+00:00","breadcrumb":{"@id":"https:\/\/autismsociety.pe.ca\/fr\/ressources\/#breadcrumb"},"inLanguage":"fr-FR","potentialAction":[{"@type":"ReadAction","target":["https:\/\/autismsociety.pe.ca\/fr\/ressources\/"]}]},{"@type":"BreadcrumbList","@id":"https:\/\/autismsociety.pe.ca\/fr\/ressources\/#breadcrumb","itemListElement":[{"@type":"ListItem","position":1,"name":"Home","item":"https:\/\/autismsociety.pe.ca\/fr\/"},{"@type":"ListItem","position":2,"name":"Ressources"}]},{"@type":"WebSite","@id":"https:\/\/autismsociety.pe.ca\/fr\/#website","url":"https:\/\/autismsociety.pe.ca\/fr\/","name":"Autism Society","description":"Welcome to the Autism Society of PEI","publisher":{"@id":"https:\/\/autismsociety.pe.ca\/fr\/#organization"},"potentialAction":[{"@type":"SearchAction","target":{"@type":"EntryPoint","urlTemplate":"https:\/\/autismsociety.pe.ca\/fr\/?s={search_term_string}"},"query-input":{"@type":"PropertyValueSpecification","valueRequired":true,"valueName":"search_term_string"}}],"inLanguage":"fr-FR"},{"@type":"Organization","@id":"https:\/\/autismsociety.pe.ca\/fr\/#organization","name":"Autism Society","url":"https:\/\/autismsociety.pe.ca\/fr\/","logo":{"@type":"ImageObject","inLanguage":"fr-FR","@id":"https:\/\/autismsociety.pe.ca\/fr\/#\/schema\/logo\/image\/","url":"https:\/\/autismsociety.pe.ca\/wp-content\/uploads\/2021\/09\/cropped-index-1.png","contentUrl":"https:\/\/autismsociety.pe.ca\/wp-content\/uploads\/2021\/09\/cropped-index-1.png","width":512,"height":512,"caption":"Autism Society"},"image":{"@id":"https:\/\/autismsociety.pe.ca\/fr\/#\/schema\/logo\/image\/"}}]}},"campaignId":"","_links":{"self":[{"href":"https:\/\/autismsociety.pe.ca\/fr\/wp-json\/wp\/v2\/pages\/1104","targetHints":{"allow":["GET"]}}],"collection":[{"href":"https:\/\/autismsociety.pe.ca\/fr\/wp-json\/wp\/v2\/pages"}],"about":[{"href":"https:\/\/autismsociety.pe.ca\/fr\/wp-json\/wp\/v2\/types\/page"}],"author":[{"embeddable":true,"href":"https:\/\/autismsociety.pe.ca\/fr\/wp-json\/wp\/v2\/users\/1"}],"replies":[{"embeddable":true,"href":"https:\/\/autismsociety.pe.ca\/fr\/wp-json\/wp\/v2\/comments?post=1104"}],"version-history":[{"count":2,"href":"https:\/\/autismsociety.pe.ca\/fr\/wp-json\/wp\/v2\/pages\/1104\/revisions"}],"predecessor-version":[{"id":1352,"href":"https:\/\/autismsociety.pe.ca\/fr\/wp-json\/wp\/v2\/pages\/1104\/revisions\/1352"}],"wp:attachment":[{"href":"https:\/\/autismsociety.pe.ca\/fr\/wp-json\/wp\/v2\/media?parent=1104"}],"curies":[{"name":"wp","href":"https:\/\/api.w.org\/{rel}","templated":true}]}}